{"id":6,"date":"2017-06-10T08:24:41","date_gmt":"2017-06-10T08:24:41","guid":{"rendered":"http:\/\/xtratheme.combarber\/?page_id=6"},"modified":"2024-04-11T13:43:55","modified_gmt":"2024-04-11T11:43:55","slug":"about","status":"publish","type":"page","link":"https:\/\/thomasschendel.de\/?page_id=6","title":{"rendered":"Vita"},"content":{"rendered":"<div class=\"wpb-content-wrapper\"><p>[vc_row][vc_column width=&#8220;1\/2&#8243;]<div class=\"cz_gap clr \" style=\"height: 50px\"><\/div><div class=\"cz_svg clr wpb_animate_when_almost_visible fadeInLeftBig\" style=\"background-image: url(https:\/\/thomasschendel.de\/wp-content\/uploads\/2023\/08\/Thomas_SchendelWEB_0348.png);animation-delay:300ms;\"><svg xmlns=\"http:\/\/www.w3.org\/2000\/svg\" viewBox=\"0 0 1000 800\">\n<path style=\"fill:#ffffff;stroke:#ffffff;stroke-width: 2px\" d=\"M0,0H1000V416H984q-0.5-1-1-2v-1l7-5q-0.5-6-1-12l-10,3v-4c1.925-3.059,3.427-3.763,6-6l-15-3c-9.508,4.1-9.711,1.639-14-6-3.946,1.824-6.684,2.523-10,0l3-3c-20.612-.54-30.521,7.778-48,10v-3c7.829-19.118-1.8-40.392,5-66,2.047-7.709,11.391-15.724,15-22,3-5.219,6.021-13.4,3-18l-5,1q1-3,2-6c-5.943-4.409-6.608-5.221,0-10q1-2.5,2-5l-1-1c-5.423,2.163-7.932,2.291-12-1l5-12-9,3q0.5-1.5,1-3c4.6-3.408,7.4-5.235,8-13l-2-2c-8.826,4.148-8.382.214-17-2a29.966,29.966,0,0,1-15,8v-1l3-4-6,1V218c-8.1,1.154-9.033-.255-14-4l-15,6-2-1q0.5-2,1-4c1.578-8.1,9.577-12.182,14-18-6.2-.3-12.984-0.343-15-5,6.149-3.37,16.261-14.107,18-22l-3-4c-10.571,5.3-16.22,9.533-29,8q0.5-1,1-2c12.472-5.182,13.446-19.63,17-29l-27,2c-0.682-4.53-.29-2.74-4-6,4.721-8.618-1.429-10.861-15-12v-4l5-6h-6v-1c2.543-3.749,2.4-2.127,1-6a17.39,17.39,0,0,1-13-12c1.02-2.021,4.377-24.085,4-25-1.355-2.055-1.12-1.609-3-3-11.363,6.184-27,.47-35-5-0.425-2.6.976-.546-1-3l-30,3c-10.062,3.31-19.593,17.422-31,13,0.7-13.162,2.2-14.414-2-25-3.16-.746-7.986-1.014-10-3q-0.5-3-1-6l8-8q-0.5-7.5-1-15h-1c-4.729,2.215-22.3,7.5-21,0l-1-2c-21.433-2.937-37.8-8.837-58-3l-16,8c-9.671,1.4-27.028-11.44-44-7-47.506,12.429-85.261,45.717-123,68-16,9.449-40.28,6.726-58,16l-56,52c-49.274,38.779-92.945,84.1-140,125-28.414,24.7-57.439,49.1-86,73-16.031,13.413-38.98,23.92-48,44l4,1c-7.363,23.174-34.854,21.989-16,51l9,2c-0.334,12.738-5.89,12.362-10,20l-4,20L2,510,0,523V0ZM1000,800H0V526l8-2v3l-5,7c3.672,0.573,13.738,7.618,19,11-0.131,6.429-1.368,7.8-3,12,5.22,2.232,4.775,5.217,7,10,9.709,0.131,22.2,4.129,29,9-2.606,3.86-5.379,6.828-6,10,13.688-4.263,14.815-7.684,28-6,5.5-8.32,15.784-17.385,29-18q-1,3.5-2,7l10-7c12.667,4.821,16.014,14.3,30,18-1.13,6.511-4.1,7.412-4,12-0.695,4.338-.284,5.233,3,8l15-3c1.868,2.262,1.817,1.4,3,5-2.366.278-1.247-.222-4,1q0.5,1,1,2l9,2-3,18-16,14-11,27q0.5,1,1,2l9-3c0.4,4.636.956,8.358,2,9l10,1c-1.62,3.06-2.053,3.152-2,6l9,3c-1.493,5.386-2.72,6.533-7,9,2.525,4.884,3.663,8.667,1,14,7.959-.859,30.436,7.252,37,11l-2,3-4,1,1,3,2,1c8.751-2.784,32.72-7.66,40-14,6.851-5.967,10.389-10.9,21-14,1.678,3.191-.5,1.136,3,2,3.537-4.257,8.781-6.429,16-7,0.82,5.3,1.042,8.617,5,11,5.356,2.26,7.927,1.473,11,6,3.793-2.335,4.888-4.032,8-2l-1,2-10,7q2,7.5,4,15c6.963-3.05,16.734.967,21,4l-2,4c10.768-1.774,9.959,2.015,20,0-1.975,5.73-5,5.187-7,11h3l8-3,2,2,3,15c7.584-1.323,11.739,1.942,21,1l-1,4c5.793-.916,19.53-4.05,24,0l5,8h11l-6,6,18-9,19,2,60-35c9.528-6.374,28.213-22.464,42-17,1.074,4.1.448,4.167,4,6,12.705,1.879,17.141-.44,33-2q-0.5,1-1,2c-7.07,3.562-10.045,9.562-19,12l3,3c18.96-8.94,35.5-10.693,56-20,1.417-.643,48.966-28.956,49-29,2.943-3.77,2.171-8.124,8-12l43-25c4.89-1.183,5.607,2.725,11-1,5.072-3.5,6.363-11.458,12-15,11.675-7.335,26.205-13.072,34-24,4.342-6.087,4.291-14.895,7-21-3.773-5.162-4.888-3.61-2-9l124-64c29.708-15.181,64.561-25.351,89-46,5.736-4.846,7.437-18.958,12-25-3.366-2.709-2.215-.38-2-5h-5c0.269-6.284,1.839-10.685,5-14-3.419-2.284-8.656-1.229-11-5,6.194-.683,12.372-3.532,16-7-3.61-2.914-1.954-2.991,2-6V800ZM756,632l-4,3v1l3-2h2Q756.5,633,756,632Zm-51,33-6,5C703.725,667.93,705.53,667.186,705,665Z\"\/>\n<\/svg><\/div>[\/vc_column][vc_column width=&#8220;1\/2&#8243;]<div class=\"cz_gap clr  hide_on_tablet hide_on_mobile\" style=\"height: 80px\"><\/div><div class=\"cz_gap show_on_tablet clr \" style=\"height: 40px\"><\/div><div id=\"cz_19805\" class=\"cz_19805 cz_title clr cz_title_ba_line cz_title_pos_inline wpb_animate_when_almost_visible fadeIn\"><div class=\"cz_title_content\"><div class=\"cz_wpe_content\"><h3>Thomas Schendel<\/h3>\n<\/div><div class=\"cz_title_line cz_line_after_title\"><span>_<\/span><\/div><\/div><\/div><div class=\"cz_gap clr \" style=\"height: 20px\"><\/div>[vc_column_text css_animation=&#8220;fadeInRight&#8220;]Ich bin 1956 in D\u00fcsseldorf geboren, studierte Schauspiel am Max-Reinhardt-Seminar in Wien und Gesang an der Hochschule f\u00fcr Musik. Mein Weg als Schauspieler f\u00fchrte mich \u00fcber G\u00f6ttingen, Wuppertal, Bremen, Bochum, K\u00f6ln, D\u00fcsseldorf und Wien nach Berlin, wo ich mich seit 1987 zuhause f\u00fchle.<\/p>\n<p>Seit 1999 f\u00fchre ich Regie im Schauspiel- und im Musiktheater. Meine Stationen als Regisseur: D\u00fcsseldorfer Schauspielhaus, Staatsschauspiel Dresden, Neues Theater Halle, Landestheater Salzburg, Cavalier Theater Malta, Stadttheater Wien, Bad Hersfelder Festspiele, St\u00f6rtebeker Festspiele (R\u00fcgen), Schlosspark Theater in Berlin und die Oper Leipzig.<\/p>\n<p>Ich arbeite leidenschaftlich und gern mit Schauspielern und S\u00e4ngern &#8211; nicht zuletzt, weil ich einer von ihnen bin.<span style=\"color: #666666;\">\u00a0<\/span>[\/vc_column_text][\/vc_column][\/vc_row][vc_row][vc_column][vc_separator border_width=&#8220;2&#8243;][\/vc_column][\/vc_row][vc_row][vc_column width=&#8220;1\/3&#8243;]<div id=\"cz_101303\" class=\"cz_101303 cz_title clr cz_title_pos_inline\"><div class=\"cz_title_content\"><div class=\"cz_wpe_content\"><h5>BASICS<\/h5>\n<\/div><\/div><\/div><div class=\"cz_gap clr \" style=\"height: 20px\"><\/div><ul id=\"cz_90896\" class=\"cz_90896 cz_stylish_list clr cz_sl_icon_hover_zoom_in\"><li class=\"clr\"><div class=\"cz_sl_icon\"><i class=\"fas fa-birthday-cake mr10\"><\/i><\/div><div><span>Jahrgang<small>1956<\/small><\/span><\/div><\/li><li class=\"clr\"><div class=\"cz_sl_icon\"><i class=\"fas fa-male mr10\"><\/i><\/div><div><span>Gr\u00f6\u00dfe<small>187 cm<\/small><\/span><\/div><\/li><li class=\"clr\"><div class=\"cz_sl_icon\"><i class=\"far fa-eye mr10\"><\/i><\/div><div><span>Augen<small>blau<\/small><\/span><\/div><\/li><li class=\"clr\"><div class=\"cz_sl_icon\"><i class=\"fas fa-language mr10\"><\/i><\/div><div><span>Sprachen<small>Englisch, Franz\u00f6sisch<\/small><\/span><\/div><\/li><li class=\"clr\"><div class=\"cz_sl_icon\"><i class=\"fab fa-teamspeak mr10\"><\/i><\/div><div><span>Dialekte<small>Rheinisch, Berlinerisch, Norddeutsch, Ostpreussisch<\/small><\/span><\/div><\/li><li class=\"clr\"><div class=\"cz_sl_icon\"><i class=\"fas fa-skiing mr10\"><\/i><\/div><div><span>Sport<small>Ski, Reiten, Fechten, Squash<\/small><\/span><\/div><\/li><li class=\"clr\"><div class=\"cz_sl_icon\"><i class=\"fab fa-itunes mr10\"><\/i><\/div><div><span>Stimmlage<small>Bariton<\/small><\/span><\/div><\/li><li class=\"clr\"><div class=\"cz_sl_icon\"><i class=\"fab fa-itunes-note mr10\"><\/i><\/div><div><span>Gesang<small>Oper, Operette, Musical, Chanson<\/small><\/span><\/div><\/li><li class=\"clr\"><div class=\"cz_sl_icon\"><i class=\"fas fa-university mr10\"><\/i><\/div><div><span>Ausbildung<small>Schauspielstudium am Max-Reinhardt Seminar in Wien, Gesangsstudium an der Hochschule f\u00fcr Musik in Wien<\/small><\/span><\/div><\/li><\/ul>[\/vc_column][vc_column width=&#8220;1\/3&#8243;]<div id=\"cz_46111\" class=\"cz_46111 cz_title clr cz_title_pos_inline\"><div class=\"cz_title_content\"><div class=\"cz_wpe_content\"><h5>SCHAUSPIEL ENGAGEMENTS<\/h5>\n<\/div><\/div><\/div><div class=\"cz_gap clr \" style=\"height: 40px\"><\/div><div id=\"cz_13946\" class=\"cz_13946\"><div class=\"cz_history_1 cz_has_year\"><span>2017-2018<\/span><div>[vc_column_text css=&#8220;.vc_custom_1636057512289{margin-left: 14px !important;}&#8220;]Schlossparktheater Berlin (Gast)<br \/>\nRenaissance Theater Berlin (Gast)[\/vc_column_text]<div class=\"cz_gap clr \" style=\"height: 10px\"><\/div><\/div><\/div><\/div><div id=\"cz_27251\" class=\"cz_27251\"><div class=\"cz_history_1 cz_has_year\"><span>2012-2014<\/span><div>[vc_column_text css=&#8220;.vc_custom_1636057534705{margin-left: 14px !important;}&#8220;]Renaissance Theater Berlin (Gast)[\/vc_column_text]<div class=\"cz_gap clr \" style=\"height: 10px\"><\/div><\/div><\/div><\/div><div id=\"cz_43321\" class=\"cz_43321\"><div class=\"cz_history_1 cz_has_year\"><span>2010<\/span><div>[vc_column_text css=&#8220;.vc_custom_1636057548838{margin-left: 14px !important;}&#8220;]Ernst Deutsch Theater Hamburg (Gast)[\/vc_column_text]<div class=\"cz_gap clr \" style=\"height: 10px\"><\/div><\/div><\/div><\/div><div id=\"cz_73214\" class=\"cz_73214\"><div class=\"cz_history_1 cz_has_year\"><span>2006\/2008<\/span><div>[vc_column_text css=&#8220;.vc_custom_1636057580925{margin-left: 14px !important;}&#8220;]Renaissance Theater Berlin (Gast)[\/vc_column_text]<div class=\"cz_gap clr \" style=\"height: 10px\"><\/div><\/div><\/div><\/div><div id=\"cz_44827\" class=\"cz_44827\"><div class=\"cz_history_1 cz_has_year\"><span>2003\/2005<\/span><div>[vc_column_text css=&#8220;.vc_custom_1636057600037{margin-left: 14px !important;}&#8220;]Theater in der Josefstadt Wien (Gast)[\/vc_column_text]<\/div><\/div><\/div><div id=\"cz_63529\" class=\"cz_63529\"><div class=\"cz_history_1 cz_has_year\"><span>2001-2005<\/span><div><div class=\"cz_gap clr \" style=\"height: 10px\"><\/div>[vc_column_text css=&#8220;.vc_custom_1636057623002{margin-left: 14px !important;}&#8220;]Berliner Ensemble Berlin (Gast)[\/vc_column_text]<div class=\"cz_gap clr \" style=\"height: 10px\"><\/div><\/div><\/div><\/div><div id=\"cz_17185\" class=\"cz_17185\"><div class=\"cz_history_1 cz_has_year\"><span>1996-2000<\/span><div>[vc_column_text css=&#8220;.vc_custom_1636052517518{margin-left: 14px !important;}&#8220;]Schauspielhaus D\u00fcsseldorf[\/vc_column_text]<div class=\"cz_gap clr \" style=\"height: 10px\"><\/div><\/div><\/div><\/div><div id=\"cz_101354\" class=\"cz_101354\"><div class=\"cz_history_1 cz_has_year\"><span>1994-1995<\/span><div>[vc_column_text css=&#8220;.vc_custom_1636052541085{margin-left: 14px !important;}&#8220;]Schauspielhaus K\u00f6ln[\/vc_column_text]<div class=\"cz_gap clr \" style=\"height: 10px\"><\/div><\/div><\/div><\/div><div id=\"cz_61530\" class=\"cz_61530\"><div class=\"cz_history_1 cz_has_year\"><span>1994-1996<\/span><div>[vc_column_text css=&#8220;.vc_custom_1636052608723{margin-left: 14px !important;}&#8220;]Theater des Westens[\/vc_column_text]<div class=\"cz_gap clr \" style=\"height: 10px\"><\/div><\/div><\/div><\/div><div id=\"cz_70970\" class=\"cz_70970\"><div class=\"cz_history_1 cz_has_year\"><span>1986-1993<\/span><div>[vc_column_text css=&#8220;.vc_custom_1636052656713{margin-left: 14px !important;}&#8220;]Schillertheater Berlin[\/vc_column_text]<div class=\"cz_gap clr \" style=\"height: 10px\"><\/div><\/div><\/div><\/div><div id=\"cz_18782\" class=\"cz_18782\"><div class=\"cz_history_1 cz_has_year\"><span>1983-1986<\/span><div>[vc_column_text css=&#8220;.vc_custom_1636052692013{margin-left: 14px !important;}&#8220;]Schauspielhaus Bochum[\/vc_column_text]<div class=\"cz_gap clr \" style=\"height: 10px\"><\/div><\/div><\/div><\/div><div id=\"cz_74849\" class=\"cz_74849\"><div class=\"cz_history_1 cz_has_year\"><span>1982-1983<\/span><div>[vc_column_text css=&#8220;.vc_custom_1636052727749{margin-left: 14px !important;}&#8220;]Bremer Theater[\/vc_column_text]<div class=\"cz_gap clr \" style=\"height: 10px\"><\/div><\/div><\/div><\/div><div id=\"cz_61510\" class=\"cz_61510\"><div class=\"cz_history_1 cz_has_year\"><span>1982<\/span><div>[vc_column_text css=&#8220;.vc_custom_1636052765539{margin-left: 14px !important;}&#8220;]Wuppertaler B\u00fchnen[\/vc_column_text]<div class=\"cz_gap clr \" style=\"height: 10px\"><\/div><\/div><\/div><\/div><div id=\"cz_78143\" class=\"cz_78143\"><div class=\"cz_history_1 cz_has_year\"><span>1980-1981<\/span><div>[vc_column_text css=&#8220;.vc_custom_1636052807901{margin-left: 14px !important;}&#8220;]Deutsches Theater G\u00f6ttingen[\/vc_column_text]<\/div><\/div><\/div>[\/vc_column][vc_column width=&#8220;1\/3&#8243;]<div id=\"cz_94967\" class=\"cz_94967 cz_title clr cz_title_pos_inline\"><div class=\"cz_title_content\"><div class=\"cz_wpe_content\"><h5>FESTSPIELE<\/h5>\n<\/div><\/div><\/div><div class=\"cz_gap clr \" style=\"height: 40px\"><\/div><div id=\"cz_39289\" class=\"cz_39289\"><div class=\"cz_history_1 cz_has_year\"><span>2000-2002<\/span><div>[vc_column_text]<\/p>\n<p style=\"text-align: left;\">Festspiele Bad Hersfeld<\/p>\n<p>[\/vc_column_text]<div class=\"cz_gap clr \" style=\"height: 10px\"><\/div><\/div><\/div><\/div><div id=\"cz_44733\" class=\"cz_44733\"><div class=\"cz_history_1 cz_has_year\"><span>1993\/1994<\/span><div>[vc_column_text]Salzburger Festspiele[\/vc_column_text]<div class=\"cz_gap clr \" style=\"height: 10px\"><\/div><\/div><\/div><\/div><div id=\"cz_106585\" class=\"cz_106585\"><div class=\"cz_history_1 cz_has_year\"><span>1985<\/span><div>[vc_column_text]Summerfare Festival New York[\/vc_column_text]<div class=\"cz_gap clr \" style=\"height: 10px\"><\/div><\/div><\/div><\/div><div id=\"cz_45506\" class=\"cz_45506\"><div class=\"cz_history_1 cz_has_year\"><span>1977\/1978<\/span><div>[vc_column_text]Salzburger Festspiele[\/vc_column_text]<\/div><\/div><\/div><div class=\"cz_gap clr \" style=\"height: 40px\"><\/div>[vc_single_image image=&#8220;1095&#8243; img_size=&#8220;740&#8243; style=&#8220;vc_box_shadow_3d&#8220; onclick=&#8220;img_link_large&#8220;][\/vc_column][\/vc_row][vc_row][vc_column width=&#8220;1\/3&#8243;][\/vc_column][\/vc_row][vc_row][vc_column]<div class=\"cz_gap clr \" style=\"height: 50px\"><\/div>[\/vc_column][\/vc_row][vc_row][vc_column]<div id=\"cz_51734\" class=\"cz_51734 cz_title clr cz_title_has_icon cz_title_pos_inline tac\"><div class=\"cz_title_content\"><i class=\"cz_title_icon_before fas fa-university\"><\/i><div class=\"cz_wpe_content\"><h3 style=\"text-align: center;\">Lehrt\u00e4tigkeit<\/h3>\n<\/div><\/div><\/div>[\/vc_column][\/vc_row][vc_row][vc_column][vc_column_text]<\/p>\n<p style=\"text-align: center;\">2013 <strong>Lehrauftrag<\/strong> f\u00fcr das Sommersemester an der <strong>UdK, Berlin<\/strong>, Grundlagen und szenische Gestaltung, Oper und Lied (BA und MA)<br \/>\n2005-2011 <strong>Lehrauftr\u00e4ge<\/strong> f\u00fcr szenische Gestaltung an der<strong> Hochschule f\u00fcr Schauspielkunst \u201eErnst Busch\u201c, Berlin<\/strong><br \/>\n2008 <strong>Inszenierung<\/strong> des Theaterst\u00fccks \u201eMinna von Barnhelm\u201c von G.E. Lessing mit <strong>Absolventen der UdK Berlin<\/strong>, der <strong>Hochschule f\u00fcr Musik und Theater Rostock<\/strong> und der <strong>Hochschule f\u00fcr Schauspielkunst \u201eErnst Busch\u201c, Berlin<\/strong>. Festspiele Bad Hersfeld.<br \/>\n2007 <strong>Hospitanzen im Grundlagenseminar bei Prof. Mechtild Hauptmann, Hochschule f\u00fcr Schauspielkunst \u201eErnst Busch\u201c, Berlin<\/strong><br \/>\n2006<strong> K\u00fcnstlerische Zusammenarbeit mit Prof. KS Peter Maus, UdK, Berlin<\/strong><br \/>\n2003-2005<strong> K\u00fcnstlerische Mitarbeit bei Prof. Emanuel Schmid, Max Reinhardt-Seminar, Wien. Fach: Improvisation<\/strong>[\/vc_column_text][\/vc_column][\/vc_row][vc_row][vc_column]<div id=\"cz_73277\" class=\"cz_73277 cz_title clr cz_title_has_icon cz_title_pos_inline tac\"><div class=\"cz_title_content\"><i class=\"cz_title_icon_before fas fa-compact-disc\"><\/i><div class=\"cz_wpe_content\"><h3 style=\"text-align: center;\">CD Einspielungen<\/h3>\n<\/div><\/div><\/div>[\/vc_column][\/vc_row][vc_row][vc_column][vc_column_text]<\/p>\n<p style=\"text-align: center;\"><strong>Jim Knopf und die wilde 13 <\/strong>von Michael Ende, Der-Audio-Verlag, Berlin 2006<br \/>\n<strong>Jim Knopf und Lukas der Lokomotivf\u00fchrer <\/strong>von Michael Ende, Der-Audio-Verlag, Berlin 2005<br \/>\n<strong>4 \u00bd Freunde <\/strong>von Joachim Friedrich, Der Audio-Verlag, Berlin 2005<br \/>\n<strong>Filemon Faltenreich <\/strong>von Michael End<strong>e<\/strong>, Der-Audio-Verlag, Berlin 2005<br \/>\n<strong>Thomas Schendel spricht Christian Morgenstern<\/strong>, Preiser Records, Wien 2000<br \/>\n<strong>Flop &#8211; Musik der 20er und 30er<\/strong> , AFO Records, Berlin 1997<br \/>\n<strong>Unten am Fluss (Watership Down) <\/strong>von Richard Adams, DeutschlandRadio, Berlin 1994[\/vc_column_text]<div class=\"cz_gap clr \" style=\"height: 20px\"><\/div>[\/vc_column][\/vc_row][vc_row][vc_column][vc_single_image image=&#8220;1089&#8243; img_size=&#8220;large&#8220; alignment=&#8220;center&#8220;]<div class=\"cz_gap clr \" style=\"height: 20px\"><\/div>[vc_separator border_width=&#8220;2&#8243;]<div class=\"cz_btn_center\"><div class=\"cz_25275_p\"><a id=\"cz_25275\" class=\"cz_25275 cz_btn cz_btn_subtitle cz_btn_txt_no_fx cz_btn_zoom_in\" href=\"https:\/\/thomasschendel.de\/wp-content\/uploads\/2021\/11\/Thomas-Schendel-Vita-2021.pdf\"><span><i class=\"fa fa-cloud-download\"><\/i><strong>Schendel Vita<small>Download als PDF<\/small><\/strong><\/span><b class=\"cz_btn_onhover\"><i class=\"fa fa-cloud-download\"><\/i><strong>Schendel Vita<small>Download als PDF<\/small><\/strong><\/b><\/a><\/div><\/div><div class=\"cz_gap clr \" style=\"height: 20px\"><\/div>[vc_separator border_width=&#8220;2&#8243;][\/vc_column][\/vc_row]<\/p>\n<\/div>","protected":false},"excerpt":{"rendered":"<p>[vc_row][vc_column width=&#8220;1\/2&#8243;][\/vc_column][vc_column width=&#8220;1\/2&#8243;][vc_column_text css_animation=&#8220;fadeInRight&#8220;]Ich bin 1956 in D\u00fcsseldorf geboren, studierte Schauspiel &#8230; <\/p>\n","protected":false},"author":1,"featured_media":0,"parent":0,"menu_order":0,"comment_status":"closed","ping_status":"closed","template":"","meta":{"footnotes":""},"class_list":["post-6","page","type-page","status-publish","hentry"],"_links":{"self":[{"href":"https:\/\/thomasschendel.de\/index.php?rest_route=\/wp\/v2\/pages\/6","targetHints":{"allow":["GET"]}}],"collection":[{"href":"https:\/\/thomasschendel.de\/index.php?rest_route=\/wp\/v2\/pages"}],"about":[{"href":"https:\/\/thomasschendel.de\/index.php?rest_route=\/wp\/v2\/types\/page"}],"author":[{"embeddable":true,"href":"https:\/\/thomasschendel.de\/index.php?rest_route=\/wp\/v2\/users\/1"}],"replies":[{"embeddable":true,"href":"https:\/\/thomasschendel.de\/index.php?rest_route=%2Fwp%2Fv2%2Fcomments&post=6"}],"version-history":[{"count":32,"href":"https:\/\/thomasschendel.de\/index.php?rest_route=\/wp\/v2\/pages\/6\/revisions"}],"predecessor-version":[{"id":1271,"href":"https:\/\/thomasschendel.de\/index.php?rest_route=\/wp\/v2\/pages\/6\/revisions\/1271"}],"wp:attachment":[{"href":"https:\/\/thomasschendel.de\/index.php?rest_route=%2Fwp%2Fv2%2Fmedia&parent=6"}],"curies":[{"name":"wp","href":"https:\/\/api.w.org\/{rel}","templated":true}]}}